{"id":94,"date":"2024-09-03T06:29:52","date_gmt":"2024-09-03T06:29:52","guid":{"rendered":"https:\/\/seanodalaigh.com\/?page_id=94"},"modified":"2024-09-03T06:33:11","modified_gmt":"2024-09-03T06:33:11","slug":"writings","status":"publish","type":"page","link":"https:\/\/seanodalaigh.com\/?page_id=94","title":{"rendered":"writings"},"content":{"rendered":"\n<p><em>&#8220;Shit Music&#8221;, (2023)<\/em>, Riffs; Experimental Writing on Popular Music<\/p>\n\n\n\n<figure class=\"wp-block-embed is-type-wp-embed is-provider-riffs wp-block-embed-riffs\"><div class=\"wp-block-embed__wrapper\">\n<blockquote class=\"wp-embedded-content\" data-secret=\"O0bUP8hO9j\"><a href=\"https:\/\/riffsjournal.org\/2023\/10\/31\/sean-o-dalaigh\/\">Se\u00e1n \u00d3 D\u00e1laigh<\/a><\/blockquote><iframe loading=\"lazy\" class=\"wp-embedded-content\" sandbox=\"allow-scripts\" security=\"restricted\" style=\"position: absolute; visibility: hidden;\" title=\"&#8220;Se\u00e1n \u00d3 D\u00e1laigh&#8221; &#8212; Riffs\" src=\"https:\/\/riffsjournal.org\/2023\/10\/31\/sean-o-dalaigh\/embed\/#?secret=Fr2Q7MoLed#?secret=O0bUP8hO9j\" data-secret=\"O0bUP8hO9j\" width=\"500\" height=\"282\" frameborder=\"0\" marginwidth=\"0\" marginheight=\"0\" scrolling=\"no\"><\/iframe>\n<\/div><\/figure>\n","protected":false},"excerpt":{"rendered":"<p>&#8220;Shit Music&#8221;, (2023), Riffs; Experimental Writing on Popular Music<\/p>\n","protected":false},"author":1,"featured_media":0,"parent":0,"menu_order":0,"comment_status":"closed","ping_status":"closed","template":"","meta":{"footnotes":""},"class_list":["post-94","page","type-page","status-publish","hentry"],"_links":{"self":[{"href":"https:\/\/seanodalaigh.com\/index.php?rest_route=\/wp\/v2\/pages\/94","targetHints":{"allow":["GET"]}}],"collection":[{"href":"https:\/\/seanodalaigh.com\/index.php?rest_route=\/wp\/v2\/pages"}],"about":[{"href":"https:\/\/seanodalaigh.com\/index.php?rest_route=\/wp\/v2\/types\/page"}],"author":[{"embeddable":true,"href":"https:\/\/seanodalaigh.com\/index.php?rest_route=\/wp\/v2\/users\/1"}],"replies":[{"embeddable":true,"href":"https:\/\/seanodalaigh.com\/index.php?rest_route=%2Fwp%2Fv2%2Fcomments&post=94"}],"version-history":[{"count":3,"href":"https:\/\/seanodalaigh.com\/index.php?rest_route=\/wp\/v2\/pages\/94\/revisions"}],"predecessor-version":[{"id":98,"href":"https:\/\/seanodalaigh.com\/index.php?rest_route=\/wp\/v2\/pages\/94\/revisions\/98"}],"wp:attachment":[{"href":"https:\/\/seanodalaigh.com\/index.php?rest_route=%2Fwp%2Fv2%2Fmedia&parent=94"}],"curies":[{"name":"wp","href":"https:\/\/api.w.org\/{rel}","templated":true}]}}